{"id":1198,"date":"2017-10-31T19:48:55","date_gmt":"2017-10-31T16:48:55","guid":{"rendered":"http:\/\/proventustrading.ee\/?page_id=1198\/"},"modified":"2017-11-02T15:15:56","modified_gmt":"2017-11-02T12:15:56","slug":"ettevotta-kohta","status":"publish","type":"page","link":"http:\/\/proventustrading.ee\/et\/","title":{"rendered":"Avaleht"},"content":{"rendered":"<p>[vc_row full_width=&#8221;stretch_row_content_no_spaces&#8221; css=&#8221;.vc_custom_1445941555299{margin-bottom: 0px !important;}&#8221;][vc_column][rev_slider_vc alias=&#8221;est&#8221;][\/vc_column][\/vc_row][vc_row full_width=&#8221;stretch_row&#8221; el_class=&#8221;base_bg_color no_overflow_hidden&#8221; css=&#8221;.vc_custom_1448432556856{margin-bottom: 80px !important;}&#8221;][vc_column width=&#8221;1\/4&#8243; offset=&#8221;vc_hidden-xs&#8221;][stm_rev_slider_nav slider_id=&#8221;4&#8243; title=&#8221;Tarbijan\u00f5udluse j\u00e4lgimine &#8221; icon=&#8221;stm-tracking&#8221; slide_number=&#8221;1&#8243;][\/vc_column][vc_column width=&#8221;1\/4&#8243; offset=&#8221;vc_hidden-xs&#8221;][stm_rev_slider_nav slider_id=&#8221;4&#8243; title=&#8221;Kaupade m\u00fc\u00fck&#8221; icon=&#8221;fa fa-shopping-bag&#8221; slide_number=&#8221;2&#8243;][\/vc_column][vc_column width=&#8221;1\/4&#8243; offset=&#8221;vc_hidden-xs&#8221;][stm_rev_slider_nav slider_id=&#8221;4&#8243; title=&#8221;Kauba turustamine&#8221; icon=&#8221;fa fa-users&#8221; slide_number=&#8221;3&#8243;][\/vc_column][vc_column width=&#8221;1\/4&#8243; offset=&#8221;vc_hidden-xs&#8221;][stm_rev_slider_nav slider_id=&#8221;4&#8243; title=&#8221;Efektiivsuse saavutamine &#8221; icon=&#8221;fa fa-line-chart&#8221; slide_number=&#8221;4&#8243;][\/vc_column][\/vc_row][vc_row full_width=&#8221;stretch_row&#8221; css=&#8221;.vc_custom_1509524525198{margin-bottom: 0px !important;padding-bottom: 80px !important;background-color: #ffffff !important;}&#8221; el_class=&#8221;base_bg_color&#8221;][vc_column css=&#8221;.vc_custom_1509524442837{background-color: #ffffff !important;}&#8221;][vc_row_inner][vc_column_inner][vc_column_text]<\/p>\n<h1><span style=\"color: #000000;\">Ettev\u00f5tte kohta<br \/>\n<\/span><\/h1>\n<p><span style=\"color: #000000;\">OSA\u00dcHING PROVENTUS TRADING on Eesti ettev\u00f5te, mille asutas 2016. aastal noorte ambitsioonikate spetsialistide meeskond.<\/span><\/p>\n<p><span style=\"color: #000000;\">Meie ettev\u00f5te on uus edukas toimija tarbekaupade turul. PROVENTUS TRADING O\u00dc on spetsialiseerunud j\u00e4rgmiste kaupade hulgim\u00fc\u00fcgile: elektrikaubad, elektriseadmed ja ehitusmaterjalid; tekstiili- ja jalatsitooted, sh laster\u00f5ivad; lapsevankrid ja nende tarvikud; kodumasinad ja m\u00f6\u00f6bel; jalgrattad ja nende tarvikud; parf\u00fcmeeria- ja kosmeetikatooted, sh nahahooldustooted ja ilukosmeetika.<\/span><\/p>\n<p><span style=\"color: #000000;\">PROVENTUS TRADING on nii l\u00fchikese aja jooksul ennast t\u00f5estanud usaldusv\u00e4\u00e4rse ja professionaalse partnerina, kelle eesm\u00e4rk on edukas tulemus.<\/span><\/p>\n<p><span style=\"color: #000000;\">PROVENTUS TRADING O\u00dc teeb aktiivset koost\u00f6\u00f6d peamiste Euroopa tarnijate ja kaubam\u00e4rkidega. Ettev\u00f5tte tegevus keskendub Euroopa ja Aasia turgudele.<\/span><\/p>\n<p><span style=\"color: #000000;\">Ettev\u00f5te pakub oma klientidele k\u00f5rgetasemelist teenust, mis vastab rahvusvahelistele ja Euroopa kvaliteedistandarditele.<\/span>[\/vc_column_text][\/vc_column_inner][\/vc_row_inner][\/vc_column][\/vc_row][vc_row full_width=&#8221;stretch_row&#8221; css=&#8221;.vc_custom_1450270522171{margin-bottom: 0px !important;padding-top: 40px !important;padding-bottom: 14px !important;}&#8221; el_class=&#8221;secondary_bg_color&#8221;][vc_column width=&#8221;1\/4&#8243; offset=&#8221;vc_col-lg-3 vc_col-md-3&#8243; css=&#8221;.vc_custom_1449142338264{margin-bottom: 30px !important;}&#8221;][\/vc_column][vc_column width=&#8221;1\/4&#8243; offset=&#8221;vc_col-lg-3 vc_col-md-3&#8243; css=&#8221;.vc_custom_1449142329000{margin-bottom: 30px !important;}&#8221;][stm_counter counter_value=&#8221;453&#8243; drawing=&#8221;yes&#8221; icon_width_svg=&#8221;64&#8243; icon_size=&#8221;68&#8243; title=&#8221;Kliente&#8221; drawing_icon=&#8221;stm-clients-worldwide&#8221; icon_color=&#8221;#ffffff&#8221;][\/vc_column][vc_column width=&#8221;1\/4&#8243; offset=&#8221;vc_col-lg-3 vc_col-md-3&#8243; css=&#8221;.vc_custom_1449142343672{margin-bottom: 30px !important;}&#8221;][stm_counter counter_value=&#8221;153&#8243; drawing=&#8221;yes&#8221; icon_width=&#8221;80&#8243; icon_width_svg=&#8221;64&#8243; icon_size=&#8221;68&#8243; title=&#8221;Tarnijaid&#8221; drawing_icon=&#8221;stm-warehousing-service&#8221; icon_color=&#8221;#ffffff&#8221;][\/vc_column][vc_column width=&#8221;1\/4&#8243;][\/vc_column][\/vc_row][vc_row full_width=&#8221;stretch_row&#8221; equal_height=&#8221;yes&#8221; parallax=&#8221;content-moving&#8221; parallax_image=&#8221;258&#8243; el_class=&#8221;convert_to_table overlay&#8221; css=&#8221;.vc_custom_1450765517736{margin-bottom: 80px !important;}&#8221;][vc_column css=&#8221;.vc_custom_1509531229473{padding-top: 60px !important;padding-right: 0px !important;}&#8221;][vc_column_text]<\/p>\n<h1><span style=\"color: #000000;\">Eesm\u00e4rgid, tegevusmissioon<br \/>\n<\/span><\/h1>\n<p><span style=\"color: #000000;\">Tarbekaupade hulgim\u00fc\u00fcgi edukaks l\u00e4biviimiseks korraldab meie ettev\u00f5te turgude ekspert- ja turundusuuringuid. Reageerides k\u00f5ige pakilisematele turun\u00f5udlustele, lahendab ettev\u00f5te selliseid perspektiivsed \u00fclesandeid nagu:<\/span><\/p>\n<ul>\n<li><span style=\"color: #000000;\">tarbijan\u00f5udluse tegelike suundumuste j\u00e4lgimine olulistes \u00e4risegmentides;<\/span><\/li>\n<li><span style=\"color: #000000;\">unikaalse kvaliteediga kaupade m\u00fc\u00fck, mille j\u00e4rele on tarbijate hulgas stabiilne n\u00f5udlus;<\/span><\/li>\n<li><span style=\"color: #000000;\">turustada kaupu, mis juhivad turusegmenti peamiste parameetrite j\u00e4rgi;<\/span><\/li>\n<li><span style=\"color: #000000;\">maksimaalse efektiivsuse saavutamine koost\u00f6\u00f6s partnerite, turustajate ja toodete l\u00f5ppkasutajatega.<\/span><\/li>\n<\/ul>\n<p><span style=\"color: #000000;\">Ettev\u00f5tte missioon on haarata tarbijakaupade turul juhtiv positsioon, tagades \u00fchiskonna vajadused kvaliteetse, uuendusliku ja kasuliku toote j\u00e4rele.<\/span><\/p>\n<p><span style=\"color: #000000;\">Ettev\u00f5tte vara on kogenud spetsialistide meeskond, kellel on eriharidus ja kes loovad ja rakendavad eesrindlikku turunduspoliitikat. Parimate tarnetingimuste tagamiseks teeme koost\u00f6\u00f6d suurte t\u00e4ists\u00fckli transpordi- ja logistikaettev\u00f5tetega, mis tagab tellitud kaubavaliku kiire tarnimise k\u00f5ikjale maailmas.<\/span><\/p>\n<p><span style=\"color: #000000;\">P\u00fc\u00fcame olla kvaliteedi kehastus, mist\u00f5ttu pakume klientidele tooteid, mis vastavad ainult k\u00f5rgetele standarditele ja n\u00f5uetele. Teeme oma t\u00f6\u00f6d ilma v\u00e4himagi kompromissita, keskendudes kliendile. Meie prioriteet on klient.<\/span>[\/vc_column_text][\/vc_column][\/vc_row][vc_row full_width=&#8221;stretch_row&#8221; equal_height=&#8221;yes&#8221; css=&#8221;.vc_custom_1450446724850{margin-bottom: 0px !important;margin-left: 0px !important;background-color: #f7f7f7 !important;}&#8221; el_class=&#8221;reset-sm-paddings&#8221;][vc_column css=&#8221;.vc_custom_1450444940366{padding-top: 80px !important;padding-bottom: 31px !important;}&#8221; offset=&#8221;vc_col-lg-5 vc_col-md-6&#8243;][vc_custom_heading text=&#8221;Ettev\u00f5tte sotsiaalne vastutus&#8221; use_theme_fonts=&#8221;yes&#8221;][vc_column_text]<span style=\"color: #000000;\">Ettev\u00f5tte t\u00f6\u00f6 lahutamatu p\u00f5him\u00f5te on ettev\u00f5tte sotsiaalne vastutus \u00fchiskonna ja riigi, samuti meie klientide, t\u00f6\u00f6tajate ja partnerite ees.<\/span><\/p>\n<p><span style=\"color: #000000;\">Ettev\u00f5tte sotsiaalne vastutus on meie ettev\u00f5tte strateegia lahutamatu osa. Meie deviis on &#8220;Living Responsibility&#8221; (vastutus kui elustiil) ja p\u00f6\u00f6rame suurt t\u00e4helepanu keskkonnakaitsele (Gogreen), juhtimistele kriitilistes olukordades (Gohelp), loomisele (Goteach) ja oma t\u00f6\u00f6tajate vabatahtliku tegevuse toetamisele (Global Volunteer Day, Living Responsibility Fund).<\/span>[\/vc_column_text][\/vc_column][vc_column offset=&#8221;vc_col-lg-7 vc_col-md-6&#8243; css=&#8221;.vc_custom_1450444946350{padding-left: 45px !important;}&#8221;][vc_row_inner el_class=&#8221;reset-sm-paddings&#8221;][vc_column_inner el_class=&#8221;base_bg_color&#8221; css=&#8221;.vc_custom_1450423858601{padding-top: 80px !important;padding-right: 40px !important;padding-bottom: 50px !important;padding-left: 40px !important;}&#8221;][vc_custom_heading text=&#8221;Tagasisidevorm&#8221; font_container=&#8221;tag:h2|text_align:left|color:%23ffffff&#8221; use_theme_fonts=&#8221;yes&#8221;][vc_column_text]<span class=\"text\" style=\"color: #ffffff;\">Palun t\u00e4itke vorm ja saatke meile oma s\u00f5num.<br \/>\nMe vastame Teile esimesel v\u00f5imalusel.<\/span>[\/vc_column_text][contact-form-7 id=&#8221;1329&#8243;][\/vc_column_inner][\/vc_row_inner][\/vc_column][\/vc_row][vc_row full_width=&#8221;stretch_row_content_no_spaces&#8221; css=&#8221;.vc_custom_1446716672180{margin-bottom: 0px !important;}&#8221;][vc_column][vc_gmaps link=&#8221;#E-8_JTNDaWZyYW1lJTIwc3JjJTNEJTIyaHR0cHMlM0ElMkYlMkZ3d3cuZ29vZ2xlLmNvbSUyRm1hcHMlMkZlbWJlZCUzRnBiJTNEJTIxMW0xOCUyMTFtMTIlMjExbTMlMjExZDQ1MzE5Ljk1Nzg0NTM1MDc2JTIxMmQyNC43MjE2MDkzMDM4MTM3NTclMjEzZDU5LjQzMTc2NTE4MzY1NTM1JTIxMm0zJTIxMWYwJTIxMmYwJTIxM2YwJTIxM20yJTIxMWkxMDI0JTIxMmk3NjglMjE0ZjEzLjElMjEzbTMlMjExbTIlMjExczB4NDY5Mjk0YTFiZGYxZmNiNyUyNTNBMHhhNmM0ZTI3NDIxYzdkMTgzJTIxMnNLYXVwbWVoZSUyQjEyJTI1MkMlMkJLYXVwbWVoZSUyQjEyJTI1MkMlMkIxMDExNSUyQlRhbGxpbm4lMjE1ZTAlMjEzbTIlMjExc3J1JTIxMnNlZSUyMTR2MTUwOTUyNjYxMjMzNyUyMiUyMHdpZHRoJTNEJTIyNjAwJTIyJTIwaGVpZ2h0JTNEJTIyNDUwJTIyJTIwZnJhbWVib3JkZXIlM0QlMjIwJTIyJTIwc3R5bGUlM0QlMjJib3JkZXIlM0EwJTIyJTIwYWxsb3dmdWxsc2NyZWVuJTNFJTNDJTJGaWZyYW1lJTNF&#8221;][\/vc_column][\/vc_row]<\/p>\n","protected":false},"excerpt":{"rendered":"<p>[vc_row full_width=&#8221;stretch_row_content_no_spaces&#8221; css=&#8221;.vc_custom_1445941555299{margin-bottom: 0px !important;}&#8221;][vc_column][rev_slider_vc alias=&#8221;est&#8221;][\/vc_column][\/vc_row][vc_row full_width=&#8221;stretch_row&#8221; el_class=&#8221;base_bg_color no_overflow_hidden&#8221; css=&#8221;.vc_custom_1448432556856{margin-bottom: 80px !important;}&#8221;][vc_column width=&#8221;1\/4&#8243; offset=&#8221;vc_hidden-xs&#8221;][stm_rev_slider_nav slider_id=&#8221;4&#8243; title=&#8221;Tarbijan\u00f5udluse j\u00e4lgimine &#8221; icon=&#8221;stm-tracking&#8221; slide_number=&#8221;1&#8243;][\/vc_column][vc_column width=&#8221;1\/4&#8243; offset=&#8221;vc_hidden-xs&#8221;][stm_rev_slider_nav slider_id=&#8221;4&#8243; title=&#8221;Kaupade m\u00fc\u00fck&#8221; icon=&#8221;fa fa-shopping-bag&#8221; slide_number=&#8221;2&#8243;][\/vc_column][vc_column width=&#8221;1\/4&#8243; offset=&#8221;vc_hidden-xs&#8221;][stm_rev_slider_nav slider_id=&#8221;4&#8243; title=&#8221;Kauba turustamine&#8221;&#8230;<\/p>\n","protected":false},"author":1,"featured_media":0,"parent":0,"menu_order":0,"comment_status":"closed","ping_status":"closed","template":"","meta":{"footnotes":""},"_links":{"self":[{"href":"http:\/\/proventustrading.ee\/et\/wp-json\/wp\/v2\/pages\/1198"}],"collection":[{"href":"http:\/\/proventustrading.ee\/et\/wp-json\/wp\/v2\/pages"}],"about":[{"href":"http:\/\/proventustrading.ee\/et\/wp-json\/wp\/v2\/types\/page"}],"author":[{"embeddable":true,"href":"http:\/\/proventustrading.ee\/et\/wp-json\/wp\/v2\/users\/1"}],"replies":[{"embeddable":true,"href":"http:\/\/proventustrading.ee\/et\/wp-json\/wp\/v2\/comments?post=1198"}],"version-history":[{"count":15,"href":"http:\/\/proventustrading.ee\/et\/wp-json\/wp\/v2\/pages\/1198\/revisions"}],"predecessor-version":[{"id":1386,"href":"http:\/\/proventustrading.ee\/et\/wp-json\/wp\/v2\/pages\/1198\/revisions\/1386"}],"wp:attachment":[{"href":"http:\/\/proventustrading.ee\/et\/wp-json\/wp\/v2\/media?parent=1198"}],"curies":[{"name":"wp","href":"https:\/\/api.w.org\/{rel}","templated":true}]}}